{"id":9640,"date":"2019-06-18T01:23:58","date_gmt":"2019-06-18T01:23:58","guid":{"rendered":"http:\/\/ninzio.com\/startflow\/?page_id=9640"},"modified":"2024-11-14T15:56:39","modified_gmt":"2024-11-14T15:56:39","slug":"home-coworking","status":"publish","type":"page","link":"https:\/\/www.psicosalud-peru.com\/","title":{"rendered":"Home Coworking"},"content":{"rendered":"<body><p>[vc_row css=\u201d.vc_custom_1560824375404{background-color: #f8faff !important;}\u201d][vc_column]\r\n\t<div class=\"startflow-spacer clearfix\" data-desktop=\"77\" data-mobi=\"60\" data-smobi=\"60\"><\/div>[\/vc_column][\/vc_row][vc_row column_spacing=\u201d0px\u201d img_halfrow=\u201dparallax\u201d halfrow_image=\u201d17467\u2033 img_columns=\u201d6columns\u201d img_position=\u201dimgright\u201d css=\u201d.vc_custom_1612401829668{background-color: #f8faff !important;}\u201d][vc_column width=\u201d1\/2\u2033]<div class=\"startflow-single-heading clearfix \" style=\"margin-bottom:20px;\"><span class=\"inner\"><span class=\"heading clearfix  accent\" style=\"font-size:20px;\">\r\n\t\tAcepta el desaf\u00edo y atr\u00e9vete\r\n\t<\/span><\/span><\/div><div class=\"startflow-headings clearfix \"  style=\"\"><h2 class=\"heading clearfix \" style=\"margin-bottom:12px;\">\r\n\t\t\u00a1Inicia el cambio que esperas!\r\n\t<\/h2><p class=\"sub-heading clearfix\" style=\"font-style:normal;font-size:16px;line-height:29px;max-width:540px;\">\r\n\t\tSoy Raquel Ana Maria Pachas Serrano, psic\u00f3loga psicoterapeuta con m\u00e1s de 30 a\u00f1os de experiencia profesional en salud mental. Tengo una maestr\u00eda en Intervenci\u00f3n Cl\u00ednica Psicoanal\u00edtica, formaci\u00f3n en Psicoterapia Psicoanal\u00edtica y Licenciada en Psicolog\u00eda. Y estoy aqu\u00ed para ayudarte.\r\n\t<\/p><\/div>\r\n\t<div class=\"startflow-spacer clearfix\" data-desktop=\"42\" data-mobi=\"30\" data-smobi=\"30\"><\/div>\r\n\t<div class=\"startflow-spacer clearfix\" data-desktop=\"130\" data-mobi=\"60\" data-smobi=\"60\"><\/div>[\/vc_column][vc_column width=\u201d1\/2\u2033][\/vc_column][\/vc_row][vc_row][vc_column]\r\n\t<div class=\"startflow-spacer clearfix\" data-desktop=\"90\" data-mobi=\"60\" data-smobi=\"60\"><\/div><div class=\"startflow-headings clearfix text-center\"  style=\"\"><h2 class=\"heading clearfix \" style=\"max-width:650px;margin-left: auto; margin-right: auto;\">\r\n\t\tTerapia Presencial\r\n\t<\/h2><div class=\"extra-content clearfix\" style=\"\">\r\n\t\t<p><span>\u201cTu bienestar es nuestra prioridad. Te ofrecemos acompa\u00f1amiento psicol\u00f3gico cercano y profesional en sesiones presenciales.\u201d<\/span><\/p>\n\r\n\t<\/div><\/div>\r\n\t<div class=\"startflow-spacer clearfix\" data-desktop=\"90\" data-mobi=\"60\" data-smobi=\"60\"><\/div>\r\n\t<div class=\"startflow-iconboxs group-3 clearfix\"><div class=\"inner-wrap\"><div class=\"startflow-icon-box clearfix icon-top align-center  simple wow fadeInUp\" style=\"\"  data-wow-duration=\"0.75s\" data-wow-delay=\"0.3s\"><div class=\"wrap-inner\" style=\"position: relative;\"><div class=\"startflow-icon icon-1630271927 accent custom\"  data-background=\"#ffffff\">\r\n\t\t\t\t<span class=\"icon\" style=\"font-size:50px;width:100px;height:100px;border-style:solid;border-radius:50px;line-height:100px; box-shadow: 0px 15px 30px 0px rgba(0,0,0,0.05)\"><i class=\"pe-7s-star\"><\/i><\/span>\r\n\t\t\t<\/div> <h3 class=\"heading \" style=\"font-size:18px;margin-top:25px;margin-bottom:25px;\">\r\n\t\t\t<span>1. Acepta el desaf\u00edo y atr\u00e9vete.<\/span>\r\n\t\t<\/h3> <\/div><\/div><div class=\"startflow-icon-box clearfix icon-top align-center  simple wow fadeInUp\" style=\"\"  data-wow-duration=\"0.75s\" data-wow-delay=\"0.6s\"><div class=\"wrap-inner\" style=\"position: relative;\"><div class=\"startflow-icon icon-1594238579 accent custom\"  data-background=\"#ffffff\">\r\n\t\t\t\t<span class=\"icon\" style=\"font-size:50px;width:100px;height:100px;border-style:solid;border-radius:50px;line-height:100px; box-shadow: 0px 15px 30px 0px rgba(0,0,0,0.05)\"><i class=\"pe-7s-micro\"><\/i><\/span>\r\n\t\t\t<\/div> <h3 class=\"heading \" style=\"font-size:18px;margin-top:25px;margin-bottom:25px;\">\r\n\t\t\t<span>2. \u00a1Inicia el cambio que tanto esperas!<\/span>\r\n\t\t<\/h3> <\/div><\/div><div class=\"startflow-icon-box clearfix icon-top align-center  simple wow fadeInUp\" style=\"\"  data-wow-duration=\"0.75s\" data-wow-delay=\"0.9s\"><div class=\"wrap-inner\" style=\"position: relative;\"><div class=\"startflow-icon icon-29285861 accent custom\"  data-background=\"#ffffff\">\r\n\t\t\t\t<span class=\"icon\" style=\"font-size:50px;width:100px;height:100px;border-style:solid;border-radius:50px;line-height:100px; box-shadow: 0px 15px 30px 0px rgba(0,0,0,0.05)\"><i class=\"pe-7s-smile\"><\/i><\/span>\r\n\t\t\t<\/div> <h3 class=\"heading \" style=\"font-size:18px;margin-top:25px;margin-bottom:25px;\">\r\n\t\t\t<span>3. \u00a1Ahora!<\/span>\r\n\t\t<\/h3> <\/div><\/div><\/div><\/div>\r\n\t<div class=\"startflow-spacer clearfix\" data-desktop=\"42\" data-mobi=\"30\" data-smobi=\"30\"><\/div><div class=\"startflow-align-box text-center\"><\/div>[\/vc_column][\/vc_row][vc_row css=\u201d.vc_custom_1560826281261{background-image: url(http:\/\/ninzio.com\/startflow\/wp-content\/uploads\/2019\/06\/img-10.jpg?id=9672) !important;background-position: center !important;background-repeat: no-repeat !important;background-size: cover !important;}\u201d][vc_column]\r\n\t<div class=\"startflow-spacer clearfix\" data-desktop=\"100\" data-mobi=\"60\" data-smobi=\"60\"><\/div>[vc_row_inner][vc_column_inner width=\u201d1\/2\u2033][\/vc_column_inner][vc_column_inner width=\u201d1\/2\u2033]\r\n\t<div class=\"startflow-spacer clearfix\" data-desktop=\"60\" data-mobi=\"0\" data-smobi=\"0\"><\/div><div class=\"startflow-content-box clearfix \" data-padding=\"5px 5px 5px 5px\" data-mobipadding=\"40px 35px 50px 35px\" data-margin=\"\" data-mobimargin=\"\" >\r\n\t\t<div class=\"inner ctb-285682385\" style=\"\"  data-background=\"#f8faff\" data-rounded=\"5px\">\r\n\t\t\t<div class=\"startflow-single-heading clearfix \" style=\"margin-bottom:20px;\"><span class=\"inner\"><span class=\"heading clearfix \" style=\"color:#7c54d9;font-size:20px;\">\r\n\t\t\u00bfA qui\u00e9nes est\u00e1 dirigida?\r\n\t<\/span><\/span><\/div><div class=\"startflow-headings clearfix \"  style=\"\"><h2 class=\"heading clearfix \" style=\"margin-bottom:12px;\">\r\n\t\tAdolescentes, j\u00f3venes y adultos que sufren:\r\n\t<\/h2><\/div>\r\n\t<div class=\"startflow-spacer clearfix\" data-desktop=\"35\" data-mobi=\"35\" data-smobi=\"35\"><\/div><div class=\"startflow-list clearfix icon-top\" >\r\n\t\t<div style=\"\">\r\n\t\t\t<span style=\"padding-left:42px;\"><span class=\"icon \" style=\"color:#7c54d9;font-size:20px;line-height:26px;\">\r\n\t\t\t<i class=\"fa fa-check\"><\/i>\r\n\t\t<\/span> <span style=\"\">Sentimientos de soledad<\/span><\/span>\r\n\t\t<\/div>\r\n\t<\/div><div class=\"startflow-list clearfix icon-top\" >\r\n\t\t<div style=\"\">\r\n\t\t\t<span style=\"padding-left:42px;\"><span class=\"icon \" style=\"color:#7c54d9;font-size:20px;line-height:26px;\">\r\n\t\t\t<i class=\"fa fa-check\"><\/i>\r\n\t\t<\/span> <span style=\"\">Angustia, depresi\u00f3n<\/span><\/span>\r\n\t\t<\/div>\r\n\t<\/div><div class=\"startflow-list clearfix icon-top\" >\r\n\t\t<div style=\"\">\r\n\t\t\t<span style=\"padding-left:42px;\"><span class=\"icon \" style=\"color:#7c54d9;font-size:20px;line-height:26px;\">\r\n\t\t\t<i class=\"fa fa-check\"><\/i>\r\n\t\t<\/span> <span style=\"\">Duelos y ansiedad por coronavirus<\/span><\/span>\r\n\t\t<\/div>\r\n\t<\/div><div class=\"startflow-list clearfix icon-top\" >\r\n\t\t<div style=\"\">\r\n\t\t\t<span style=\"padding-left:42px;\"><span class=\"icon \" style=\"color:#7c54d9;font-size:20px;line-height:26px;\">\r\n\t\t\t<i class=\"fa fa-check\"><\/i>\r\n\t\t<\/span> <span style=\"\">Problemas en el amor y personales<\/span><\/span>\r\n\t\t<\/div>\r\n\t<\/div><div class=\"startflow-list clearfix icon-top\" >\r\n\t\t<div style=\"\">\r\n\t\t\t<span style=\"padding-left:42px;\"><span class=\"icon \" style=\"color:#7c54d9;font-size:20px;line-height:26px;\">\r\n\t\t\t<i class=\"fa fa-check\"><\/i>\r\n\t\t<\/span> <span style=\"\">Ataques de p\u00e1nico<\/span><\/span>\r\n\t\t<\/div>\r\n\t<\/div><div class=\"startflow-list clearfix icon-top\" >\r\n\t\t<div style=\"\">\r\n\t\t\t<span style=\"padding-left:42px;\"><span class=\"icon \" style=\"color:#7c54d9;font-size:20px;line-height:26px;\">\r\n\t\t\t<i class=\"fa fa-check\"><\/i>\r\n\t\t<\/span> <span style=\"\">Cambios en las emociones<\/span><\/span>\r\n\t\t<\/div>\r\n\t<\/div><div class=\"startflow-list clearfix icon-top\" >\r\n\t\t<div style=\"\">\r\n\t\t\t<span style=\"padding-left:42px;\"><span class=\"icon \" style=\"color:#7c54d9;font-size:20px;line-height:26px;\">\r\n\t\t\t<i class=\"fa fa-check\"><\/i>\r\n\t\t<\/span> <span style=\"\">Problemas de pareja<\/span><\/span>\r\n\t\t<\/div>\r\n\t<\/div><div class=\"startflow-list clearfix icon-top\" >\r\n\t\t<div style=\"\">\r\n\t\t\t<span style=\"padding-left:42px;\"><span class=\"icon \" style=\"color:#7c54d9;font-size:20px;line-height:26px;\">\r\n\t\t\t<i class=\"fa fa-check\"><\/i>\r\n\t\t<\/span> <span style=\"\">Adicciones<\/span><\/span>\r\n\t\t<\/div>\r\n\t<\/div>\r\n\t<div class=\"startflow-spacer clearfix\" data-desktop=\"42\" data-mobi=\"30\" data-smobi=\"30\"><\/div>\r\n\t\t<\/div>\r\n\t<\/div>\r\n\t<div class=\"startflow-spacer clearfix\" data-desktop=\"100\" data-mobi=\"60\" data-smobi=\"60\"><\/div>[\/vc_column_inner][\/vc_row_inner][\/vc_column][\/vc_row][vc_row][vc_column]\r\n\t<div class=\"startflow-spacer clearfix\" data-desktop=\"90\" data-mobi=\"60\" data-smobi=\"60\"><\/div>[\/vc_column][\/vc_row][vc_row column_spacing=\u201d0px\u201d img_halfrow=\u201dsimple\u201d halfrow_image=\u201d9638\u2033 img_columns=\u201d6columns\u201d img_position=\u201dimgright\u201d][vc_column width=\u201d1\/2\u2033]\r\n\t<div class=\"startflow-spacer clearfix\" data-desktop=\"90\" data-mobi=\"60\" data-smobi=\"60\"><\/div><div class=\"startflow-content-box clearfix \" data-padding=\"0 19% 0 0\" data-mobipadding=\"0 0 0 0\" data-margin=\"\" data-mobimargin=\"\" >\r\n\t\t<div class=\"inner ctb-1136772867\" style=\"\"  data-background=\"\">\r\n\t\t\t<div class=\"startflow-headings clearfix \"  style=\"\"><h2 class=\"heading clearfix \" style=\"max-width:460px;margin-bottom:12px;\">\r\n\t\tD\u00e9janos tus datos:\r\n\t<\/h2><p class=\"sub-heading clearfix\" style=\"font-style:normal;font-size:16px;line-height:29px;max-width:460px;\">\r\n\t\tNos contactaremos contigo lo m\u00e1s pronto posible.\r\n\t<\/p><\/div>\r\n\t<div class=\"startflow-spacer clearfix\" data-desktop=\"42\" data-mobi=\"30\" data-smobi=\"30\"><\/div>\n<div class=\"wpcf7 no-js\" id=\"wpcf7-f9635-o1\" lang=\"en-US\" dir=\"ltr\" data-wpcf7-id=\"9635\">\n<div class=\"screen-reader-response\"><p role=\"status\" aria-live=\"polite\" aria-atomic=\"true\"><\/p> <ul><\/ul><\/div>\n<form action=\"\/index.php\/wp-json\/wp\/v2\/pages\/9640#wpcf7-f9635-o1\" method=\"post\" class=\"wpcf7-form init\" aria-label=\"Contact form\" novalidate=\"novalidate\" data-status=\"init\">\n<fieldset class=\"hidden-fields-container\"><input type=\"hidden\" name=\"_wpcf7\" value=\"9635\" \/><input type=\"hidden\" name=\"_wpcf7_version\" value=\"6.1.5\" \/><input type=\"hidden\" name=\"_wpcf7_locale\" value=\"en_US\" \/><input type=\"hidden\" name=\"_wpcf7_unit_tag\" value=\"wpcf7-f9635-o1\" \/><input type=\"hidden\" name=\"_wpcf7_container_post\" value=\"0\" \/><input type=\"hidden\" name=\"_wpcf7_posted_data_hash\" value=\"\" \/>\n<\/fieldset>\n<div class=\"cf7-style-2 button-left\">\n\t<div class=\"name-wrap\">\n\t\t<p><span class=\"wpcf7-form-control-wrap\" data-name=\"your-name\"><input size=\"40\" maxlength=\"400\" class=\"wpcf7-form-control wpcf7-text wpcf7-validates-as-required\" aria-required=\"true\" aria-invalid=\"false\" placeholder=\"Nombres\" value=\"\" type=\"text\" name=\"your-name\" \/><\/span>\n\t\t<\/p>\n\t<\/div>\n\t<div class=\"email-wrap\">\n\t\t<p><span class=\"wpcf7-form-control-wrap\" data-name=\"your-email\"><input size=\"40\" maxlength=\"400\" class=\"wpcf7-form-control wpcf7-email wpcf7-validates-as-required wpcf7-text wpcf7-validates-as-email\" aria-required=\"true\" aria-invalid=\"false\" placeholder=\"Email\" value=\"\" type=\"email\" name=\"your-email\" \/><\/span>\n\t\t<\/p>\n\t<\/div>\n\t<div class=\"message-wrap\">\n\t\t<p><span class=\"wpcf7-form-control-wrap\" data-name=\"your-message\"><textarea cols=\"40\" rows=\"10\" maxlength=\"2000\" class=\"wpcf7-form-control wpcf7-textarea\" aria-invalid=\"false\" placeholder=\"Mensaje\" name=\"your-message\"><\/textarea><\/span>\n\t\t<\/p>\n\t<\/div>\n\t<div class=\"submit-wrap\">\n\t\t<p><span><input class=\"wpcf7-form-control wpcf7-submit has-spinner\" type=\"submit\" value=\"Submit\" \/><\/span>\n\t\t<\/p>\n\t<\/div>\n<\/div><p style=\"display: none !important;\" class=\"akismet-fields-container\" data-prefix=\"_wpcf7_ak_\"><label>&#916;<textarea name=\"_wpcf7_ak_hp_textarea\" cols=\"45\" rows=\"8\" maxlength=\"100\"><\/textarea><\/label><input type=\"hidden\" id=\"ak_js_1\" name=\"_wpcf7_ak_js\" value=\"63\"\/><script>document.getElementById( \"ak_js_1\" ).setAttribute( \"value\", ( new Date() ).getTime() );<\/script><\/p><div class=\"wpcf7-response-output\" aria-hidden=\"true\"><\/div>\n<\/form>\n<\/div>\n\r\n\t\t<\/div>\r\n\t<\/div>\r\n\t<div class=\"startflow-spacer clearfix\" data-desktop=\"100\" data-mobi=\"60\" data-smobi=\"60\"><\/div>[\/vc_column][vc_column width=\u201d1\/2\u2033][\/vc_column][\/vc_row]<\/p>\n<\/body>","protected":false},"excerpt":{"rendered":"<p>[vc_row css=\u201d.vc_custom_1560824375404{background-color: #f8faff !important;}\u201d][vc_column][\/vc_column][\/vc_row][vc_row column_spacing=\u201d0px\u201d img_halfrow=\u201dparallax\u201d halfrow_image=\u201d17467\u2033 img_columns=\u201d6columns\u201d img_position=\u201dimgright\u201d css=\u201d.vc_custom_1612401829668{background-color: #f8faff !important;}\u201d][vc_column width=\u201d1\/2\u2033][\/vc_column][vc_column width=\u201d1\/2\u2033][\/vc_column][\/vc_row][vc_row][vc_column][\/vc_column][\/vc_row][vc_row css=\u201d.vc_custom_1560826281261{background-image: url(http:\/\/ninzio.com\/startflow\/wp-content\/uploads\/2019\/06\/img-10.jpg?id=9672) !important;background-position: center !important;background-repeat: no-repeat !important;background-size: cover !important;}\u201d][vc_column][vc_row_inner][vc_column_inner width=\u201d1\/2\u2033][\/vc_column_inner][vc_column_inner width=\u201d1\/2\u2033][\/vc_column_inner][\/vc_row_inner][\/vc_column][\/vc_row][vc_row][vc_column][\/vc_column][\/vc_row][vc_row column_spacing=\u201d0px\u201d img_halfrow=\u201dsimple\u201d halfrow_image=\u201d9638\u2033 img_columns=\u201d6columns\u201d img_position=\u201dimgright\u201d][vc_column width=\u201d1\/2\u2033][\/vc_column][vc_column width=\u201d1\/2\u2033][\/vc_column][\/vc_row]<\/p>\n","protected":false},"author":1,"featured_media":0,"parent":0,"menu_order":0,"comment_status":"closed","ping_status":"closed","template":"","meta":{"om_disable_all_campaigns":false,"_joinchat":[],"footnotes":""},"class_list":["post-9640","page","type-page","status-publish","hentry"],"jetpack_sharing_enabled":true,"_links":{"self":[{"href":"https:\/\/www.psicosalud-peru.com\/index.php\/wp-json\/wp\/v2\/pages\/9640","targetHints":{"allow":["GET"]}}],"collection":[{"href":"https:\/\/www.psicosalud-peru.com\/index.php\/wp-json\/wp\/v2\/pages"}],"about":[{"href":"https:\/\/www.psicosalud-peru.com\/index.php\/wp-json\/wp\/v2\/types\/page"}],"author":[{"embeddable":true,"href":"https:\/\/www.psicosalud-peru.com\/index.php\/wp-json\/wp\/v2\/users\/1"}],"replies":[{"embeddable":true,"href":"https:\/\/www.psicosalud-peru.com\/index.php\/wp-json\/wp\/v2\/comments?post=9640"}],"version-history":[{"count":44,"href":"https:\/\/www.psicosalud-peru.com\/index.php\/wp-json\/wp\/v2\/pages\/9640\/revisions"}],"predecessor-version":[{"id":17510,"href":"https:\/\/www.psicosalud-peru.com\/index.php\/wp-json\/wp\/v2\/pages\/9640\/revisions\/17510"}],"wp:attachment":[{"href":"https:\/\/www.psicosalud-peru.com\/index.php\/wp-json\/wp\/v2\/media?parent=9640"}],"curies":[{"name":"wp","href":"https:\/\/api.w.org\/{rel}","templated":true}]}}