{"id":17361,"date":"2021-01-31T19:07:46","date_gmt":"2021-01-31T19:07:46","guid":{"rendered":"https:\/\/www.psicosalud-peru.com\/?page_id=17361"},"modified":"2024-11-14T15:57:55","modified_gmt":"2024-11-14T15:57:55","slug":"psicoterapeutas","status":"publish","type":"page","link":"https:\/\/www.psicosalud-peru.com\/index.php\/psicoterapeutas\/","title":{"rendered":"Psicoterapeuta"},"content":{"rendered":"<body><p>[vc_row css=\u201d.vc_custom_1560824375404{background-color: #f8faff !important;}\u201d][vc_column]\r\n\t<div class=\"startflow-spacer clearfix\" data-desktop=\"77\" data-mobi=\"60\" data-smobi=\"60\"><\/div>[\/vc_column][\/vc_row][vc_row column_spacing=\u201d0px\u201d img_halfrow=\u201dparallax\u201d halfrow_image=\u201d17469\u2033 img_columns=\u201d6columns\u201d img_position=\u201dimgright\u201d css=\u201d.vc_custom_1612402050357{background-color: #f8faff !important;}\u201d][vc_column width=\u201d1\/2\u2033]<div class=\"startflow-headings clearfix \"  style=\"\"><h2 class=\"heading clearfix \" style=\"margin-bottom:12px;\">\r\n\t\tCON\u00d3CEME\r\n\t<\/h2><p class=\"sub-heading clearfix\" style=\"font-style:normal;font-size:16px;line-height:29px;max-width:540px;\">\r\n\t\tSoy Raquel Pachas Serrano, la psic\u00f3loga de esta web. Cuento con una especializaci\u00f3n en Psicoterapia Psicoanal\u00edtica y desde que inici\u00e9 la pr\u00e1ctica de la psicolog\u00eda, hace 31 a\u00f1os, he acompa\u00f1ado a cientos de personas en su crecimiento personal. Juntos atravesamos sus traumas, vivencias dolorosas, sufrimientos, miedo para iniciar y continuar con la ayuda psicoterap\u00e9utica; pero que al final, el esfuerzo les ha permitido superar el dolor en sus vidas y Estar Bien.<br>\nLas personas que he atendido y las que actualmente van a mi consulta son el principal motivo para seguir prepar\u00e1ndome. Despu\u00e9s de mi licenciatura dediqu\u00e9 cuatro a\u00f1os a mi formaci\u00f3n en psicoterapia psicoanal\u00edtica y, posteriormente, dos a la maestr\u00eda. Dedicarme a las personas siempre me inspira a la actualizaci\u00f3n permanente.<br>\nComo apreciar\u00e1s, la combinaci\u00f3n de a\u00f1os de experiencia y conocimientos me permitir\u00e1n ayudarte en el camino hacia un estar mejor. No necesitaremos consejos m\u00e1gicos ni tips, pero s\u00ed un claro sentido de realidad y honestidad. Tomaremos el tiempo necesario para que juntos podamos pensar los nudos tejidos en tu mente y alma a lo largo de tu vida y, as\u00ed, luego empezar a desatarlos.<br>\nSi sientes que ya no puedes dominar la ansiedad o la depresi\u00f3n, o si algunos traumas de la infancia se refrescan en tu mente o en tus sue\u00f1os, o si quiz\u00e1s eres de las personas que sienten en el pecho un fuerte vac\u00edo y la falta de amor de pareja y\/o de tus familiares, estoy aqu\u00ed para ayudarte a recuperar tu estabilidad emocional, superar tus traumas, lograr que te sientas m\u00e1s seguro y amado por ti mismo y tus seres queridos.\r\n\t<\/p><\/div>\r\n\t<div class=\"startflow-spacer clearfix\" data-desktop=\"42\" data-mobi=\"30\" data-smobi=\"30\"><\/div>\r\n\t<div class=\"startflow-spacer clearfix\" data-desktop=\"130\" data-mobi=\"60\" data-smobi=\"60\"><\/div>[\/vc_column][vc_column width=\u201d1\/2\u2033][\/vc_column][\/vc_row][vc_row css=\u201d.vc_custom_1560824375404{background-color: #f8faff !important;}\u201d][vc_column]\r\n\t<div class=\"startflow-spacer clearfix\" data-desktop=\"77\" data-mobi=\"60\" data-smobi=\"60\"><\/div>[\/vc_column][\/vc_row][vc_row column_spacing=\u201d0px\u201d img_halfrow=\u201dsimple\u201d halfrow_image=\u201d9638\u2033 img_columns=\u201d6columns\u201d img_position=\u201dimgright\u201d][vc_column width=\u201d1\/2\u2033]\r\n\t<div class=\"startflow-spacer clearfix\" data-desktop=\"90\" data-mobi=\"60\" data-smobi=\"60\"><\/div><div class=\"startflow-content-box clearfix \" data-padding=\"0 19% 0 0\" data-mobipadding=\"0 0 0 0\" data-margin=\"\" data-mobimargin=\"\" >\r\n\t\t<div class=\"inner ctb-1161959751\" style=\"\"  data-background=\"\">\r\n\t\t\t<div class=\"startflow-headings clearfix \"  style=\"\"><h2 class=\"heading clearfix \" style=\"max-width:460px;margin-bottom:12px;\">\r\n\t\tD\u00e9janos tus datos:\r\n\t<\/h2><p class=\"sub-heading clearfix\" style=\"font-style:normal;font-size:16px;line-height:29px;max-width:460px;\">\r\n\t\tNos contactaremos contigo lo m\u00e1s pronto posible.\r\n\t<\/p><\/div>\r\n\t<div class=\"startflow-spacer clearfix\" data-desktop=\"42\" data-mobi=\"30\" data-smobi=\"30\"><\/div>\n<div class=\"wpcf7 no-js\" id=\"wpcf7-f9635-o1\" lang=\"en-US\" dir=\"ltr\" data-wpcf7-id=\"9635\">\n<div class=\"screen-reader-response\"><p role=\"status\" aria-live=\"polite\" aria-atomic=\"true\"><\/p> <ul><\/ul><\/div>\n<form action=\"\/index.php\/wp-json\/wp\/v2\/pages\/17361#wpcf7-f9635-o1\" method=\"post\" class=\"wpcf7-form init\" aria-label=\"Contact form\" novalidate=\"novalidate\" data-status=\"init\">\n<fieldset class=\"hidden-fields-container\"><input type=\"hidden\" name=\"_wpcf7\" value=\"9635\" \/><input type=\"hidden\" name=\"_wpcf7_version\" value=\"6.1.5\" \/><input type=\"hidden\" name=\"_wpcf7_locale\" value=\"en_US\" \/><input type=\"hidden\" name=\"_wpcf7_unit_tag\" value=\"wpcf7-f9635-o1\" \/><input type=\"hidden\" name=\"_wpcf7_container_post\" value=\"0\" \/><input type=\"hidden\" name=\"_wpcf7_posted_data_hash\" value=\"\" \/>\n<\/fieldset>\n<div class=\"cf7-style-2 button-left\">\n\t<div class=\"name-wrap\">\n\t\t<p><span class=\"wpcf7-form-control-wrap\" data-name=\"your-name\"><input size=\"40\" maxlength=\"400\" class=\"wpcf7-form-control wpcf7-text wpcf7-validates-as-required\" aria-required=\"true\" aria-invalid=\"false\" placeholder=\"Nombres\" value=\"\" type=\"text\" name=\"your-name\" \/><\/span>\n\t\t<\/p>\n\t<\/div>\n\t<div class=\"email-wrap\">\n\t\t<p><span class=\"wpcf7-form-control-wrap\" data-name=\"your-email\"><input size=\"40\" maxlength=\"400\" class=\"wpcf7-form-control wpcf7-email wpcf7-validates-as-required wpcf7-text wpcf7-validates-as-email\" aria-required=\"true\" aria-invalid=\"false\" placeholder=\"Email\" value=\"\" type=\"email\" name=\"your-email\" \/><\/span>\n\t\t<\/p>\n\t<\/div>\n\t<div class=\"message-wrap\">\n\t\t<p><span class=\"wpcf7-form-control-wrap\" data-name=\"your-message\"><textarea cols=\"40\" rows=\"10\" maxlength=\"2000\" class=\"wpcf7-form-control wpcf7-textarea\" aria-invalid=\"false\" placeholder=\"Mensaje\" name=\"your-message\"><\/textarea><\/span>\n\t\t<\/p>\n\t<\/div>\n\t<div class=\"submit-wrap\">\n\t\t<p><span><input class=\"wpcf7-form-control wpcf7-submit has-spinner\" type=\"submit\" value=\"Submit\" \/><\/span>\n\t\t<\/p>\n\t<\/div>\n<\/div><p style=\"display: none !important;\" class=\"akismet-fields-container\" data-prefix=\"_wpcf7_ak_\"><label>&#916;<textarea name=\"_wpcf7_ak_hp_textarea\" cols=\"45\" rows=\"8\" maxlength=\"100\"><\/textarea><\/label><input type=\"hidden\" id=\"ak_js_1\" name=\"_wpcf7_ak_js\" value=\"165\"\/><script>document.getElementById( \"ak_js_1\" ).setAttribute( \"value\", ( new Date() ).getTime() );<\/script><\/p><div class=\"wpcf7-response-output\" aria-hidden=\"true\"><\/div>\n<\/form>\n<\/div>\n\r\n\t\t<\/div>\r\n\t<\/div>\r\n\t<div class=\"startflow-spacer clearfix\" data-desktop=\"100\" data-mobi=\"60\" data-smobi=\"60\"><\/div>[\/vc_column][vc_column width=\u201d1\/2\u2033][\/vc_column][\/vc_row]<\/p>\n<\/body>","protected":false},"excerpt":{"rendered":"<p>[vc_row css=\u201d.vc_custom_1560824375404{background-color: #f8faff !important;}\u201d][vc_column][\/vc_column][\/vc_row][vc_row column_spacing=\u201d0px\u201d img_halfrow=\u201dparallax\u201d halfrow_image=\u201d17469\u2033 img_columns=\u201d6columns\u201d img_position=\u201dimgright\u201d css=\u201d.vc_custom_1612402050357{background-color: #f8faff !important;}\u201d][vc_column width=\u201d1\/2\u2033][\/vc_column][vc_column width=\u201d1\/2\u2033][\/vc_column][\/vc_row][vc_row css=\u201d.vc_custom_1560824375404{background-color: #f8faff !important;}\u201d][vc_column][\/vc_column][\/vc_row][vc_row column_spacing=\u201d0px\u201d img_halfrow=\u201dsimple\u201d halfrow_image=\u201d9638\u2033 img_columns=\u201d6columns\u201d img_position=\u201dimgright\u201d][vc_column width=\u201d1\/2\u2033][\/vc_column][vc_column width=\u201d1\/2\u2033][\/vc_column][\/vc_row]<\/p>\n","protected":false},"author":1,"featured_media":0,"parent":0,"menu_order":0,"comment_status":"closed","ping_status":"closed","template":"","meta":{"om_disable_all_campaigns":false,"_joinchat":[],"footnotes":""},"class_list":["post-17361","page","type-page","status-publish","hentry"],"jetpack_sharing_enabled":true,"_links":{"self":[{"href":"https:\/\/www.psicosalud-peru.com\/index.php\/wp-json\/wp\/v2\/pages\/17361","targetHints":{"allow":["GET"]}}],"collection":[{"href":"https:\/\/www.psicosalud-peru.com\/index.php\/wp-json\/wp\/v2\/pages"}],"about":[{"href":"https:\/\/www.psicosalud-peru.com\/index.php\/wp-json\/wp\/v2\/types\/page"}],"author":[{"embeddable":true,"href":"https:\/\/www.psicosalud-peru.com\/index.php\/wp-json\/wp\/v2\/users\/1"}],"replies":[{"embeddable":true,"href":"https:\/\/www.psicosalud-peru.com\/index.php\/wp-json\/wp\/v2\/comments?post=17361"}],"version-history":[{"count":8,"href":"https:\/\/www.psicosalud-peru.com\/index.php\/wp-json\/wp\/v2\/pages\/17361\/revisions"}],"predecessor-version":[{"id":17511,"href":"https:\/\/www.psicosalud-peru.com\/index.php\/wp-json\/wp\/v2\/pages\/17361\/revisions\/17511"}],"wp:attachment":[{"href":"https:\/\/www.psicosalud-peru.com\/index.php\/wp-json\/wp\/v2\/media?parent=17361"}],"curies":[{"name":"wp","href":"https:\/\/api.w.org\/{rel}","templated":true}]}}